{"id":15,"date":"2018-02-11T17:23:11","date_gmt":"2018-02-11T17:23:11","guid":{"rendered":"http:\/\/www.pelosnails.com\/?page_id=15"},"modified":"2025-02-01T19:21:35","modified_gmt":"2025-02-01T19:21:35","slug":"estetica","status":"publish","type":"page","link":"https:\/\/pelosnails.com\/index.php\/estetica\/","title":{"rendered":"Est\u00e9tica"},"content":{"rendered":"\n<hr class=\"wp-block-separator has-alpha-channel-opacity wp_mar5\"\/>\n\n\n\n<p class=\"colormenutexcrem ex5\">TRATAMIENTO DE PESTA\u00d1AS<\/p>\n\n\n\n<hr class=\"wp-block-separator has-alpha-channel-opacity wp_mar5\"\/>\n\n\n\n<div class=\"wp-block-media-text is-stacked-on-mobile\" style=\"grid-template-columns:45% auto\"><figure class=\"wp-block-media-text__media\"><img loading=\"lazy\" decoding=\"async\" width=\"600\" height=\"400\" src=\"https:\/\/pelosnails.com\/wp-content\/uploads\/2025\/01\/pestanas600.jpg\" alt=\"Una mujer hermosa recibiendo un tratamiento de pesta\u00f1as en el sal\u00f3n de belleza Pelos&amp;Nails, donde cuidamos cada detalle para realzar tu belleza.\" class=\"wp-image-1019 size-full\" srcset=\"https:\/\/pelosnails.com\/wp-content\/uploads\/2025\/01\/pestanas600.jpg 600w, https:\/\/pelosnails.com\/wp-content\/uploads\/2025\/01\/pestanas600-300x200.jpg 300w\" sizes=\"auto, (max-width: 600px) 100vw, 600px\" \/><\/figure><div class=\"wp-block-media-text__content\">\n<p><span style=\"line-height: 1.679;\">Las pesta\u00f1as son el marco natural de nuestros ojos, y un peque\u00f1o cambio en ellas puede transformar por completo tu rostro. Logra una mirada intensa y cautivadora con nuestros exclusivos tratamientos de pesta\u00f1as, dise\u00f1ados para realzar tu belleza y destacar tus ojos. Ya sea que busques m\u00e1s volumen, longitud o un rizado perfecto, nuestros tratamientos personalizados te ofrecen resultados naturales y duraderos. \u00a1Atr\u00e9vete a resaltar tu mirada y mostrar un look m\u00e1s profundo y espectacular que no pasar\u00e1 desapercibido!<\/span><\/p>\n<\/div><\/div>\n\n\n\n<hr class=\"wp-block-separator has-alpha-channel-opacity wp_mar5\"\/>\n\n\n\n<p class=\"ex5 colormenutexcrem has-medium-font-size\" style=\"text-decoration: none;\">MANICURA Y PEDICURA<\/p>\n\n\n\n<hr class=\"wp-block-separator has-alpha-channel-opacity wp_mar5\"\/>\n\n\n\n<div class=\"wp-block-columns is-layout-flex wp-container-core-columns-is-layout-9d6595d7 wp-block-columns-is-layout-flex\">\n<div class=\"wp-block-column is-layout-flow wp-block-column-is-layout-flow\" style=\"flex-basis:50%\">\n<p><span style=\"line-height: 1.679;\">Sabemos que tus manos y pies merecen tanto cuidado como tu cabello. Por eso, ofrecemos servicios de manicura y pedicura dise\u00f1ados para mimarte y resaltar tu belleza natural.<\/span><\/p>\n<p><strong>Tratamientos Nutritivos:<\/strong>\u00a0Hidrataci\u00f3n intensiva para manos y pies, devolvi\u00e9ndoles su suavidad y salud natural.<\/p>\n<p><strong>Manicura Cl\u00e1sica:<\/strong>\u00a0Limpieza, corte, limado, y esmaltado para unas u\u00f1as impecables.<\/p>\n<p><strong>Pedicura :<\/strong>\u00a0Relajaci\u00f3n total con exfoliaci\u00f3n, hidrataci\u00f3n profunda, y esmaltado de u\u00f1as.<\/p>\n<p><strong>Esmaltado Semipermanente:<\/strong>\u00a0Durabilidad y brillo por semanas con los colores que amas.<\/p>\n<p><strong>Dise\u00f1os Personalizados:<\/strong>\u00a0U\u00f1as decoradas con arte \u00fanico, ideal para ocasiones especiales o simplemente para destacar.<\/p>\n<\/div>\n\n\n\n<div class=\"wp-block-column is-layout-flow wp-block-column-is-layout-flow\" style=\"flex-basis:50%\">\n<figure class=\"wp-block-gallery has-nested-images columns-default is-cropped wp-block-gallery-1 is-layout-flex wp-block-gallery-is-layout-flex\"><div class=\"wp-block-image\">\n<figure class=\"alignleft size-large\"><img loading=\"lazy\" decoding=\"async\" width=\"1024\" height=\"768\" data-id=\"174\" src=\"https:\/\/pelosnails.com\/wp-content\/uploads\/2018\/02\/black_lips_black_nails-wallpaper-1152x864-1-1024x768.jpg\" alt=\"Mujer radiante disfrutando de un tratamiento de manicura y pedicura en el sal\u00f3n de belleza Pelos&amp;Nails, especializado en cuidado y estilo.\" class=\"wp-image-174\" srcset=\"https:\/\/pelosnails.com\/wp-content\/uploads\/2018\/02\/black_lips_black_nails-wallpaper-1152x864-1-1024x768.jpg 1024w, https:\/\/pelosnails.com\/wp-content\/uploads\/2018\/02\/black_lips_black_nails-wallpaper-1152x864-1-300x225.jpg 300w, https:\/\/pelosnails.com\/wp-content\/uploads\/2018\/02\/black_lips_black_nails-wallpaper-1152x864-1-768x576.jpg 768w, https:\/\/pelosnails.com\/wp-content\/uploads\/2018\/02\/black_lips_black_nails-wallpaper-1152x864-1.jpg 1152w\" sizes=\"auto, (max-width: 1024px) 100vw, 1024px\" \/><\/figure><\/div>\n\n\n<figure class=\"wp-block-image size-large\"><img loading=\"lazy\" decoding=\"async\" width=\"1024\" height=\"634\" data-id=\"262\" src=\"https:\/\/pelosnails.com\/wp-content\/uploads\/2018\/02\/estetica1-1024x634.jpg\" alt=\"Mujer elegante con labios y ojos deslumbrantes en Pelos&amp;Nails, donde la belleza y el cuidado se unen para realzar tu estilo.\" class=\"wp-image-262\" srcset=\"https:\/\/pelosnails.com\/wp-content\/uploads\/2018\/02\/estetica1-1024x634.jpg 1024w, https:\/\/pelosnails.com\/wp-content\/uploads\/2018\/02\/estetica1-300x186.jpg 300w, https:\/\/pelosnails.com\/wp-content\/uploads\/2018\/02\/estetica1-768x475.jpg 768w, https:\/\/pelosnails.com\/wp-content\/uploads\/2018\/02\/estetica1.jpg 1170w\" sizes=\"auto, (max-width: 1024px) 100vw, 1024px\" \/><\/figure>\n\n\n\n<figure class=\"wp-block-image size-large\"><img loading=\"lazy\" decoding=\"async\" width=\"683\" height=\"1024\" data-id=\"1223\" src=\"https:\/\/pelosnails.com\/wp-content\/uploads\/2025\/01\/PEINA_750_-683x1024.jpg\" alt=\"Mujer elegante con labios rojos recibiendo un tratamiento de manicura y pedicura en el sal\u00f3n de belleza Pelos&amp;Nails, donde la belleza y el cuidado se unen.\" class=\"wp-image-1223\" srcset=\"https:\/\/pelosnails.com\/wp-content\/uploads\/2025\/01\/PEINA_750_-683x1024.jpg 683w, https:\/\/pelosnails.com\/wp-content\/uploads\/2025\/01\/PEINA_750_-200x300.jpg 200w, https:\/\/pelosnails.com\/wp-content\/uploads\/2025\/01\/PEINA_750_.jpg 750w\" sizes=\"auto, (max-width: 683px) 100vw, 683px\" \/><\/figure>\n<\/figure>\n<\/div>\n<\/div>\n\n\n\n<hr class=\"wp-block-separator has-alpha-channel-opacity wp_mar5\"\/>\n\n\n\n<p class=\"colormenutexcrem ex5 has-medium-font-size\" style=\"text-decoration: none;\">BEAUTY PARTY<\/p>\n\n\n\n<hr class=\"wp-block-separator has-alpha-channel-opacity wp_mar5\"\/>\n\n\n\n<div class=\"wp-block-columns is-layout-flex wp-container-core-columns-is-layout-9d6595d7 wp-block-columns-is-layout-flex\">\n<div class=\"wp-block-column is-layout-flow wp-block-column-is-layout-flow\">\n<figure class=\"wp-block-gallery has-nested-images columns-default is-cropped wp-block-gallery-2 is-layout-flex wp-block-gallery-is-layout-flex\"><div class=\"wp-block-image\">\n<figure class=\"alignleft size-large\"><img loading=\"lazy\" decoding=\"async\" width=\"850\" height=\"567\" data-id=\"1064\" src=\"https:\/\/pelosnails.com\/wp-content\/uploads\/2025\/01\/bride850-1.jpg\" alt=\"Novia radiante junto a sus amigas de fiesta luciendo impecables tras recibir peinado y maquillaje profesional en Pelos&amp;Nails.\" class=\"wp-image-1064\" srcset=\"https:\/\/pelosnails.com\/wp-content\/uploads\/2025\/01\/bride850-1.jpg 850w, https:\/\/pelosnails.com\/wp-content\/uploads\/2025\/01\/bride850-1-300x200.jpg 300w, https:\/\/pelosnails.com\/wp-content\/uploads\/2025\/01\/bride850-1-768x512.jpg 768w\" sizes=\"auto, (max-width: 850px) 100vw, 850px\" \/><\/figure><\/div>\n\n\n<figure class=\"wp-block-image size-large\"><img decoding=\"async\" data-id=\"1030\" src=\"https:\/\/pelosnails.com\/wp-content\/uploads\/2025\/01\/PARTYY_850.jpg\" alt=\"Chicas luciendo impecables tras recibir peinado y maquillaje profesional en Pelos&amp;Nails, listas para brillar en PartyNight.\" class=\"wp-image-1030\"\/><\/figure>\n\n\n\n<figure class=\"wp-block-image size-large\"><img loading=\"lazy\" decoding=\"async\" width=\"683\" height=\"1024\" data-id=\"2464\" src=\"https:\/\/pelosnails.com\/wp-content\/uploads\/2025\/02\/bride1000-683x1024.jpg\" alt=\"Novia radiante junto a sus damas de honor luciendo impecables tras recibir peinado y maquillaje profesional en Pelos&amp;Nails\" class=\"wp-image-2464\" srcset=\"https:\/\/pelosnails.com\/wp-content\/uploads\/2025\/02\/bride1000-683x1024.jpg 683w, https:\/\/pelosnails.com\/wp-content\/uploads\/2025\/02\/bride1000-200x300.jpg 200w, https:\/\/pelosnails.com\/wp-content\/uploads\/2025\/02\/bride1000-768x1152.jpg 768w, https:\/\/pelosnails.com\/wp-content\/uploads\/2025\/02\/bride1000.jpg 1000w\" sizes=\"auto, (max-width: 683px) 100vw, 683px\" \/><\/figure>\n<\/figure>\n<\/div>\n\n\n\n<div class=\"wp-block-column is-layout-flow wp-block-column-is-layout-flow\">\n<p><span style=\"line-height: 1.679;\">Haz que tus celebraciones y fiestas sean a\u00fan m\u00e1s especiales con nuestros servicios de peluquer\u00eda personalizados. Ya sea para un evento importante, una boda, un cumplea\u00f1os o cualquier ocasi\u00f3n especial, nuestro equipo de estilistas expertos se encargar\u00e1 de que luzcas radiante. Ofrecemos peinados exclusivos, recogidos elegantes, alisados perfectos y mucho m\u00e1s, adaptados a tu estilo y personalidad. Disfruta de una experiencia \u00fanica mientras te consientes y te preparas para brillar en tu evento. Con nuestros tratamientos y t\u00e9cnicas de vanguardia, te garantizamos un look duradero y espectacular. \u00a1Deja que tu cabello sea el toque final perfecto para una celebraci\u00f3n inolvidable!<\/span><\/p>\n<\/div>\n<\/div>\n\n\n\n<hr class=\"wp-block-separator has-alpha-channel-opacity wp_mar5\"\/>\n\n\n\n<p class=\"colormenutexcrem ex5 has-medium-font-size\" style=\"text-decoration:none\">MAQUILLAJE<\/p>\n\n\n\n<hr class=\"wp-block-separator has-alpha-channel-opacity wp_mar5\"\/>\n\n\n\n<div class=\"wp-block-columns is-layout-flex wp-container-core-columns-is-layout-9d6595d7 wp-block-columns-is-layout-flex\">\n<div class=\"wp-block-column is-layout-flow wp-block-column-is-layout-flow\" style=\"flex-basis:66.66%\">\n<figure class=\"wp-block-gallery has-nested-images columns-default is-cropped wp-block-gallery-3 is-layout-flex wp-block-gallery-is-layout-flex\">\n<figure class=\"wp-block-image size-large\"><img loading=\"lazy\" decoding=\"async\" width=\"600\" height=\"400\" data-id=\"1019\" src=\"https:\/\/pelosnails.com\/wp-content\/uploads\/2025\/01\/pestanas600.jpg\" alt=\"Preciosa mujer realzando su belleza con un maquillaje profesional en Pelos&amp;Nails, donde cada detalle cuenta para destacar tu estilo.\" class=\"wp-image-1019\" srcset=\"https:\/\/pelosnails.com\/wp-content\/uploads\/2025\/01\/pestanas600.jpg 600w, https:\/\/pelosnails.com\/wp-content\/uploads\/2025\/01\/pestanas600-300x200.jpg 300w\" sizes=\"auto, (max-width: 600px) 100vw, 600px\" \/><\/figure>\n\n\n\n<figure class=\"wp-block-image size-large\"><img loading=\"lazy\" decoding=\"async\" width=\"850\" height=\"567\" data-id=\"1064\" src=\"https:\/\/pelosnails.com\/wp-content\/uploads\/2025\/01\/bride850-1.jpg\" alt=\"Novia radiante junto a sus damas de honor luciendo impecables tras recibir peinado y maquillaje profesional en Pelos&amp;Nails.\" class=\"wp-image-1064\" srcset=\"https:\/\/pelosnails.com\/wp-content\/uploads\/2025\/01\/bride850-1.jpg 850w, https:\/\/pelosnails.com\/wp-content\/uploads\/2025\/01\/bride850-1-300x200.jpg 300w, https:\/\/pelosnails.com\/wp-content\/uploads\/2025\/01\/bride850-1-768x512.jpg 768w\" sizes=\"auto, (max-width: 850px) 100vw, 850px\" \/><\/figure>\n\n\n\n<figure class=\"wp-block-image size-large\"><img loading=\"lazy\" decoding=\"async\" width=\"650\" height=\"866\" data-id=\"266\" src=\"https:\/\/pelosnails.com\/wp-content\/uploads\/2018\/02\/peinado.png\" alt=\"Mujer maquill\u00e1ndose en Sal\u00f3n de belleza Pelos&amp;Nails en Monforte de Lemos\" class=\"wp-image-266\" srcset=\"https:\/\/pelosnails.com\/wp-content\/uploads\/2018\/02\/peinado.png 650w, https:\/\/pelosnails.com\/wp-content\/uploads\/2018\/02\/peinado-225x300.png 225w\" sizes=\"auto, (max-width: 650px) 100vw, 650px\" \/><\/figure>\n\n\n\n<figure class=\"wp-block-image size-large\"><img loading=\"lazy\" decoding=\"async\" width=\"1024\" height=\"415\" data-id=\"147\" src=\"https:\/\/pelosnails.com\/wp-content\/uploads\/2018\/02\/slider3-1024x415.jpg\" alt=\"Preciosa mujer realzando la belleza de sus labios y ojos con un maquillaje profesional en Pelos&amp;Nails, donde cada detalle cuenta para destacar tu estilo \u00fanico.\" class=\"wp-image-147\" srcset=\"https:\/\/pelosnails.com\/wp-content\/uploads\/2018\/02\/slider3-1024x415.jpg 1024w, https:\/\/pelosnails.com\/wp-content\/uploads\/2018\/02\/slider3-300x122.jpg 300w, https:\/\/pelosnails.com\/wp-content\/uploads\/2018\/02\/slider3-768x312.jpg 768w, https:\/\/pelosnails.com\/wp-content\/uploads\/2018\/02\/slider3.jpg 1400w\" sizes=\"auto, (max-width: 1024px) 100vw, 1024px\" \/><\/figure>\n<\/figure>\n<\/div>\n\n\n\n<div class=\"wp-block-column is-layout-flow wp-block-column-is-layout-flow\" style=\"flex-basis:60%\">\n<p><span style=\"line-height: 1.679;\">Resalta tu belleza con nuestros servicios de maquillaje profesional, dise\u00f1ados para cualquier ocasi\u00f3n especial. Ya sea que necesites un look natural para el d\u00eda a d\u00eda o un maquillaje de gala para una fiesta, nuestros expertos en est\u00e9tica te ayudar\u00e1n a lograr el estilo perfecto.Adem\u00e1s, ofrecemos tratamientos especializados para tus ojos, como dise\u00f1o de cejas, extensiones de pesta\u00f1as y maquillaje de ojos duradero, que realzan tu mirada y la hacen a\u00fan m\u00e1s cautivadora. Con productos de alta calidad y t\u00e9cnicas avanzadas, te garantizamos un resultado impecable que te har\u00e1 sentir radiante. \u00a1D\u00e9janos realzar tu belleza y que tu mirada sea el centro de todas las miradas!<\/span><\/p>\n<\/div>\n<\/div>\n\n\n\n<hr class=\"wp-block-separator has-alpha-channel-opacity wp_mar5\"\/>\n\n\n\n<p class=\"colormenutexcrem ex5 has-medium-font-size\" style=\"text-decoration:none\">DEPILACI\u00d3N<\/p>\n\n\n\n<hr class=\"wp-block-separator has-alpha-channel-opacity wp_mar5\"\/>\n\n\n\n<div class=\"wp-block-media-text is-stacked-on-mobile is-vertically-aligned-top\"><figure class=\"wp-block-media-text__media\"><img loading=\"lazy\" decoding=\"async\" width=\"1024\" height=\"683\" src=\"https:\/\/pelosnails.com\/wp-content\/uploads\/2025\/01\/Cauterizacion_1-1024x683.jpg\" alt=\"Mujer elegante con labios perfectamente cuidados en Pelos&amp;Nails, donde la belleza y el detalle se unen para realzar tu estilo \u00fanico.\" class=\"wp-image-539 size-full\" srcset=\"https:\/\/pelosnails.com\/wp-content\/uploads\/2025\/01\/Cauterizacion_1-1024x683.jpg 1024w, https:\/\/pelosnails.com\/wp-content\/uploads\/2025\/01\/Cauterizacion_1-300x200.jpg 300w, https:\/\/pelosnails.com\/wp-content\/uploads\/2025\/01\/Cauterizacion_1-768x512.jpg 768w, https:\/\/pelosnails.com\/wp-content\/uploads\/2025\/01\/Cauterizacion_1.jpg 1200w\" sizes=\"auto, (max-width: 1024px) 100vw, 1024px\" \/><\/figure><div class=\"wp-block-media-text__content\">\n<p><span style=\"line-height: 1.679;\">\u00bfEst\u00e1s cansado de lidiar con ese molesto vello corporal? \u00a1Ahora puedes despedirte de \u00e9l de manera efectiva y duradera con nuestros avanzados tratamientos de depilaci\u00f3n!. Con nuestra depilaci\u00f3n profesional, disfrutar\u00e1s de una piel suave y libre de vello por m\u00e1s tiempo, gracias a nuestras t\u00e9cnicas adaptadas a todo tipo de piel. \u00a1Atr\u00e9vete a disfrutar de la libertad y comodidad de una piel perfectamente depilada!<\/span><\/p>\n<\/div><\/div>\n\n\n\n<hr class=\"wp-block-separator has-alpha-channel-opacity wp_mar5\"\/>\n","protected":false},"excerpt":{"rendered":"<p>TRATAMIENTO DE PESTA\u00d1AS Las pesta\u00f1as son el marco natural de nuestros ojos, y un peque\u00f1o cambio en ellas puede transformar por completo tu rostro. Logra una mirada intensa y cautivadora con nuestros exclusivos tratamientos de pesta\u00f1as, dise\u00f1ados para realzar tu belleza y destacar tus ojos. Ya sea que busques m\u00e1s volumen, longitud o un rizado&hellip;<\/p>\n<p class=\"more-link\"><a href=\"https:\/\/pelosnails.com\/index.php\/estetica\/\" class=\"themebutton2\">Leer m\u00e1s<\/a><\/p>\n","protected":false},"author":1,"featured_media":145,"parent":0,"menu_order":0,"comment_status":"closed","ping_status":"closed","template":"","meta":{"_uag_custom_page_level_css":"","advgb_blocks_editor_width":"","advgb_blocks_columns_visual_guide":"","footnotes":""},"class_list":["post-15","page","type-page","status-publish","has-post-thumbnail","hentry"],"uagb_featured_image_src":{"full":["https:\/\/pelosnails.com\/wp-content\/uploads\/2018\/02\/black_lips_black_nails-wallpaper-1152x864.jpg",1152,864,false],"thumbnail":["https:\/\/pelosnails.com\/wp-content\/uploads\/2018\/02\/black_lips_black_nails-wallpaper-1152x864-150x150.jpg",150,150,true],"medium":["https:\/\/pelosnails.com\/wp-content\/uploads\/2018\/02\/black_lips_black_nails-wallpaper-1152x864-300x225.jpg",300,225,true],"medium_large":["https:\/\/pelosnails.com\/wp-content\/uploads\/2018\/02\/black_lips_black_nails-wallpaper-1152x864-768x576.jpg",768,576,true],"large":["https:\/\/pelosnails.com\/wp-content\/uploads\/2018\/02\/black_lips_black_nails-wallpaper-1152x864-1024x768.jpg",1024,768,true],"1536x1536":["https:\/\/pelosnails.com\/wp-content\/uploads\/2018\/02\/black_lips_black_nails-wallpaper-1152x864.jpg",1152,864,false],"2048x2048":["https:\/\/pelosnails.com\/wp-content\/uploads\/2018\/02\/black_lips_black_nails-wallpaper-1152x864.jpg",1152,864,false],"consulting-thinkup-column1-1\/4":["https:\/\/pelosnails.com\/wp-content\/uploads\/2018\/02\/black_lips_black_nails-wallpaper-1152x864.jpg",380,285,false],"consulting-thinkup-column3-2\/3":["https:\/\/pelosnails.com\/wp-content\/uploads\/2018\/02\/black_lips_black_nails-wallpaper-1152x864.jpg",339,254,false]},"uagb_author_info":{"display_name":"pelosnails","author_link":"https:\/\/pelosnails.com\/index.php\/author\/pelosnails\/"},"uagb_comment_info":0,"uagb_excerpt":"TRATAMIENTO DE PESTA\u00d1AS Las pesta\u00f1as son el marco natural de nuestros ojos, y un peque\u00f1o cambio en ellas puede transformar por completo tu rostro. Logra una mirada intensa y cautivadora con nuestros exclusivos tratamientos de pesta\u00f1as, dise\u00f1ados para realzar tu belleza y destacar tus ojos. Ya sea que busques m\u00e1s volumen, longitud o un rizado&hellip;Leer&hellip;","coauthors":[],"author_meta":{"author_link":"https:\/\/pelosnails.com\/index.php\/author\/pelosnails\/","display_name":"pelosnails"},"relative_dates":{"created":"Publicado 8 a\u00f1os hace","modified":"Actualizado 1 a\u00f1o hace"},"absolute_dates":{"created":"Publicado el 11 febrero, 2018","modified":"Actualizado el 1 febrero, 2025"},"absolute_dates_time":{"created":"Publicado el 11 febrero, 2018 5:23 pm","modified":"Actualizado el 1 febrero, 2025 7:21 pm"},"featured_img_caption":"","featured_img":"https:\/\/pelosnails.com\/wp-content\/uploads\/2018\/02\/black_lips_black_nails-wallpaper-1152x864.jpg","series_order":"","_links":{"self":[{"href":"https:\/\/pelosnails.com\/index.php\/wp-json\/wp\/v2\/pages\/15","targetHints":{"allow":["GET"]}}],"collection":[{"href":"https:\/\/pelosnails.com\/index.php\/wp-json\/wp\/v2\/pages"}],"about":[{"href":"https:\/\/pelosnails.com\/index.php\/wp-json\/wp\/v2\/types\/page"}],"author":[{"embeddable":true,"href":"https:\/\/pelosnails.com\/index.php\/wp-json\/wp\/v2\/users\/1"}],"replies":[{"embeddable":true,"href":"https:\/\/pelosnails.com\/index.php\/wp-json\/wp\/v2\/comments?post=15"}],"version-history":[{"count":162,"href":"https:\/\/pelosnails.com\/index.php\/wp-json\/wp\/v2\/pages\/15\/revisions"}],"predecessor-version":[{"id":2466,"href":"https:\/\/pelosnails.com\/index.php\/wp-json\/wp\/v2\/pages\/15\/revisions\/2466"}],"wp:featuredmedia":[{"embeddable":true,"href":"https:\/\/pelosnails.com\/index.php\/wp-json\/wp\/v2\/media\/145"}],"wp:attachment":[{"href":"https:\/\/pelosnails.com\/index.php\/wp-json\/wp\/v2\/media?parent=15"}],"curies":[{"name":"wp","href":"https:\/\/api.w.org\/{rel}","templated":true}]}}