{"id":29,"date":"2018-02-13T17:44:26","date_gmt":"2018-02-13T17:44:26","guid":{"rendered":"http:\/\/www.pelosnails.com\/?page_id=29"},"modified":"2025-01-21T23:00:17","modified_gmt":"2025-01-21T23:00:17","slug":"horario","status":"publish","type":"page","link":"https:\/\/pelosnails.com\/index.php\/horario\/","title":{"rendered":"Horario"},"content":{"rendered":"\n<hr class=\"wp-block-separator has-alpha-channel-opacity wp_mar5\"\/>\n\n\n\n<p class=\"ex5 colormenutexcrem\">Te esperamos con una sonrisa en estos horarios.\u00bb\u00bb\u00a1Haz un hueco y ven a consentirte! Estos son nuestros horarios.\u00bb<\/p>\n\n\n\n<hr class=\"wp-block-separator has-alpha-channel-opacity wp_mar5\"\/>\n\n\n\t\t\t\t\t<div\n\t\t\t\t\t\tclass=\"wp-block-uagb-image-gallery uagb-block-3266c656     \"\n\t\t\t\t\t\tstyle=\"\"\n\t\t\t\t\t>\n\t\t\t\t\t\t\t\t\t\t\t<div class=\"spectra-image-gallery spectra-image-gallery__layout--masonry spectra-image-gallery__layout--masonry-col-1 spectra-image-gallery__layout--masonry-col-tab-1 spectra-image-gallery__layout--masonry-col-mob-1\">\n\t\t\t\t\t\t\t\t\t\t\t<div class='spectra-image-gallery__media-wrapper--isotope'>\n\t\t\t\t\t\t\t<div class='spectra-image-gallery__media-wrapper' data-spectra-gallery-image-id='893' tabindex=\"0\">\n\t\t\t\t\t\t\t<div class=\"spectra-image-gallery__media spectra-image-gallery__media--masonry\">\n\t\t\t\t<picture>\n\t\t\t\t\t<source media=\"(min-width: 1024px)\" srcset=\"https:\/\/pelosnails.com\/wp-content\/uploads\/2025\/01\/horario_2024.jpg\">\n\t\t\t\t\t<source media=\"(min-width: 768px)\" srcset=\"https:\/\/pelosnails.com\/wp-content\/uploads\/2025\/01\/horario_2024.jpg\">\n\t\t\t\t\t<img decoding=\"async\" class=\"spectra-image-gallery__media-thumbnail spectra-image-gallery__media-thumbnail--masonry\" src=\"https:\/\/pelosnails.com\/wp-content\/uploads\/2025\/01\/horario_2024-300x229.jpg\" alt=\"\u201cHorario de atenci\u00f3n de la peluquer\u00eda Pelos&amp;Nails sita en Monforte de Lemos : lunes de 15:00 a 20:00 horas, martes y mi\u00e9rcoles de 9:00 a 13:00 de la ma\u00f1ana y de 15:00 a 20:00 horas tardes , jueves, viernes y s\u00e1bados de 9:00 a 22:00 horas interrumpidas. Cerrado los domingos.&quot;\" \/>\n\t\t\t\t<\/picture>\n\t\t\t\t<div class=\"spectra-image-gallery__media-thumbnail-blurrer\"><\/div>\n\t\t\t\t\t\t\t\t\t\t\t<div class=\"spectra-image-gallery__media-thumbnail-caption-wrapper spectra-image-gallery__media-thumbnail-caption-wrapper--overlay\"><\/div>\n\t\t\t\t\t\t\t\t<\/div>\n\t\t\t\t\t\t<\/div>\n\t\t\t\t\t\t<\/div>\n\t\t\t\t\t\t\t\t\t\t<\/div>\n\t\t\t\t\t\t\t\t\t\t\t\t\t\t\t\t\t\t<\/div>\n\t\t\t\t\t\t\t\t\t\n\n\n<hr class=\"wp-block-separator has-alpha-channel-opacity wp_mar5\"\/>\n","protected":false},"excerpt":{"rendered":"<p>Te esperamos con una sonrisa en estos horarios.\u00bb\u00bb\u00a1Haz un hueco y ven a consentirte! Estos son nuestros horarios.\u00bb<\/p>\n","protected":false},"author":1,"featured_media":0,"parent":0,"menu_order":0,"comment_status":"closed","ping_status":"closed","template":"","meta":{"_uag_custom_page_level_css":"","advgb_blocks_editor_width":"","advgb_blocks_columns_visual_guide":"","footnotes":""},"class_list":["post-29","page","type-page","status-publish","hentry"],"uagb_featured_image_src":{"full":false,"thumbnail":false,"medium":false,"medium_large":false,"large":false,"1536x1536":false,"2048x2048":false,"consulting-thinkup-column1-1\/4":false,"consulting-thinkup-column3-2\/3":false},"uagb_author_info":{"display_name":"pelosnails","author_link":"https:\/\/pelosnails.com\/index.php\/author\/pelosnails\/"},"uagb_comment_info":0,"uagb_excerpt":"Te esperamos con una sonrisa en estos horarios.\u00bb\u00bb\u00a1Haz un hueco y ven a consentirte! Estos son nuestros horarios.\u00bb","coauthors":[],"author_meta":{"author_link":"https:\/\/pelosnails.com\/index.php\/author\/pelosnails\/","display_name":"pelosnails"},"relative_dates":{"created":"Publicado 8 a\u00f1os hace","modified":"Actualizado 1 a\u00f1o hace"},"absolute_dates":{"created":"Publicado el 13 febrero, 2018","modified":"Actualizado el 21 enero, 2025"},"absolute_dates_time":{"created":"Publicado el 13 febrero, 2018 5:44 pm","modified":"Actualizado el 21 enero, 2025 11:00 pm"},"featured_img_caption":"","featured_img":false,"series_order":"","_links":{"self":[{"href":"https:\/\/pelosnails.com\/index.php\/wp-json\/wp\/v2\/pages\/29","targetHints":{"allow":["GET"]}}],"collection":[{"href":"https:\/\/pelosnails.com\/index.php\/wp-json\/wp\/v2\/pages"}],"about":[{"href":"https:\/\/pelosnails.com\/index.php\/wp-json\/wp\/v2\/types\/page"}],"author":[{"embeddable":true,"href":"https:\/\/pelosnails.com\/index.php\/wp-json\/wp\/v2\/users\/1"}],"replies":[{"embeddable":true,"href":"https:\/\/pelosnails.com\/index.php\/wp-json\/wp\/v2\/comments?post=29"}],"version-history":[{"count":65,"href":"https:\/\/pelosnails.com\/index.php\/wp-json\/wp\/v2\/pages\/29\/revisions"}],"predecessor-version":[{"id":2435,"href":"https:\/\/pelosnails.com\/index.php\/wp-json\/wp\/v2\/pages\/29\/revisions\/2435"}],"wp:attachment":[{"href":"https:\/\/pelosnails.com\/index.php\/wp-json\/wp\/v2\/media?parent=29"}],"curies":[{"name":"wp","href":"https:\/\/api.w.org\/{rel}","templated":true}]}}