{"id":749,"date":"2025-01-07T15:17:19","date_gmt":"2025-01-07T15:17:19","guid":{"rendered":"https:\/\/pelosnails.com\/?page_id=749"},"modified":"2025-01-19T11:35:42","modified_gmt":"2025-01-19T11:35:42","slug":"donde-encontramos","status":"publish","type":"page","link":"https:\/\/pelosnails.com\/index.php\/donde-encontramos\/","title":{"rendered":"Donde Estamos"},"content":{"rendered":"<div class=\"is-default-size wp-block-site-logo\"><a href=\"https:\/\/pelosnails.com\/\" class=\"custom-logo-link\" rel=\"home\"><img loading=\"lazy\" decoding=\"async\" width=\"302\" height=\"80\" src=\"https:\/\/pelosnails.com\/wp-content\/uploads\/2025\/01\/cropped-logoweb-scaled-2.gif\" class=\"custom-logo\" alt=\"Pelos&amp;Nails\" \/><\/a><\/div>\r\n\r\n\r\n<div class=\"wp-block-uagb-container uagb-layout-flex uagb-block-d1415418 default uagb-is-root-container\">\r\n<p class=\"ex6 colorgris\"><strong>\u00ab\u00a1Encuentra tu oasis de belleza!<\/strong><br>Nos encontramos en un lugar f\u00e1cil de llegar para que vivas una experiencia \u00fanica en cuidado personal. Usa el mapa para localizarnos y ven a disfrutar de nuestros servicios de peluquer\u00eda y belleza unisex. <strong>Estamos aqu\u00ed para ti, listos para transformar tu estilo. \u00a1Te esperamos!\u00bb<\/strong><\/p>\r\n<\/div>\r\n\r\n\r\n\r\n<p style=\"text-align: center;\"><iframe loading=\"lazy\" style=\"border: 0; align: center;\" src=\"https:\/\/www.google.com\/maps\/embed?pb=!1m18!1m12!1m3!1d5881.174601515986!2d-7.516438157972581!3d42.52157754069488!2m3!1f0!2f0!3f0!3m2!1i1024!2i768!4f13.1!3m3!1m2!1s0xd3013e7c42777e5%3A0xc284c63270f584fa!2zUGVsb8K0cyAmIE5haWxz!5e0!3m2!1ses!2ses!4v1736264244395!5m2!1ses!2ses\" width=\"800\" height=\"600\" allowfullscreen=\"allowfullscreen\"><\/iframe><\/p>\r\n","protected":false},"excerpt":{"rendered":"<p>\u00ab\u00a1Encuentra tu oasis de belleza!Nos encontramos en un lugar f\u00e1cil de llegar para que vivas una experiencia \u00fanica en cuidado personal. Usa el mapa para localizarnos y ven a disfrutar de nuestros servicios de peluquer\u00eda y belleza unisex. Estamos aqu\u00ed para ti, listos para transformar tu estilo. \u00a1Te esperamos!\u00bb<\/p>\n","protected":false},"author":1,"featured_media":0,"parent":0,"menu_order":0,"comment_status":"closed","ping_status":"closed","template":"","meta":{"_uag_custom_page_level_css":"","advgb_blocks_editor_width":"","advgb_blocks_columns_visual_guide":"","footnotes":""},"class_list":["post-749","page","type-page","status-publish","hentry"],"uagb_featured_image_src":{"full":false,"thumbnail":false,"medium":false,"medium_large":false,"large":false,"1536x1536":false,"2048x2048":false,"consulting-thinkup-column1-1\/4":false,"consulting-thinkup-column3-2\/3":false},"uagb_author_info":{"display_name":"pelosnails","author_link":"https:\/\/pelosnails.com\/index.php\/author\/pelosnails\/"},"uagb_comment_info":0,"uagb_excerpt":"\u00ab\u00a1Encuentra tu oasis de belleza!Nos encontramos en un lugar f\u00e1cil de llegar para que vivas una experiencia \u00fanica en cuidado personal. Usa el mapa para localizarnos y ven a disfrutar de nuestros servicios de peluquer\u00eda y belleza unisex. Estamos aqu\u00ed para ti, listos para transformar tu estilo. \u00a1Te esperamos!\u00bb","coauthors":[],"author_meta":{"author_link":"https:\/\/pelosnails.com\/index.php\/author\/pelosnails\/","display_name":"pelosnails"},"relative_dates":{"created":"Publicado 1 a\u00f1o hace","modified":"Actualizado 1 a\u00f1o hace"},"absolute_dates":{"created":"Publicado el 7 enero, 2025","modified":"Actualizado el 19 enero, 2025"},"absolute_dates_time":{"created":"Publicado el 7 enero, 2025 3:17 pm","modified":"Actualizado el 19 enero, 2025 11:35 am"},"featured_img_caption":"","featured_img":false,"series_order":"","_links":{"self":[{"href":"https:\/\/pelosnails.com\/index.php\/wp-json\/wp\/v2\/pages\/749","targetHints":{"allow":["GET"]}}],"collection":[{"href":"https:\/\/pelosnails.com\/index.php\/wp-json\/wp\/v2\/pages"}],"about":[{"href":"https:\/\/pelosnails.com\/index.php\/wp-json\/wp\/v2\/types\/page"}],"author":[{"embeddable":true,"href":"https:\/\/pelosnails.com\/index.php\/wp-json\/wp\/v2\/users\/1"}],"replies":[{"embeddable":true,"href":"https:\/\/pelosnails.com\/index.php\/wp-json\/wp\/v2\/comments?post=749"}],"version-history":[{"count":11,"href":"https:\/\/pelosnails.com\/index.php\/wp-json\/wp\/v2\/pages\/749\/revisions"}],"predecessor-version":[{"id":2249,"href":"https:\/\/pelosnails.com\/index.php\/wp-json\/wp\/v2\/pages\/749\/revisions\/2249"}],"wp:attachment":[{"href":"https:\/\/pelosnails.com\/index.php\/wp-json\/wp\/v2\/media?parent=749"}],"curies":[{"name":"wp","href":"https:\/\/api.w.org\/{rel}","templated":true}]}}