{"id":760,"date":"2025-01-07T16:50:51","date_gmt":"2025-01-07T16:50:51","guid":{"rendered":"https:\/\/pelosnails.com\/?page_id=760"},"modified":"2025-01-19T11:52:27","modified_gmt":"2025-01-19T11:52:27","slug":"nuestras-marcas","status":"publish","type":"page","link":"https:\/\/pelosnails.com\/index.php\/nuestras-marcas\/","title":{"rendered":"Marcas"},"content":{"rendered":"\r\n<p class=\"ex5 colorgris \" style=\"text-align: justify;\"><span style=\"line-height: 1.679;\">\u00abEn nuestro sal\u00f3n de belleza y est\u00e9tica en Monforte de Lemos, trabajamos con las mejores marcas del mercado, asegurando resultados excepcionales y una experiencia \u00fanica. Nos comprometemos a ofrecerte productos de alta gama que cuidan de tu belleza y bienestar, todo en un ambiente relajante y profesional. Te esperamos para brindarte una atenci\u00f3n personalizada y hacer que cada visita sea un momento de verdadero placer.\u00bb<\/span><\/p>\r\n\r\n\r\n\r\n<hr class=\"wp-block-separator has-alpha-channel-opacity\"\/>\r\n\r\n\r\n\r\n<p><\/p>\r\n\r\n\r\n\r\n<figure class=\"wp-block-gallery has-nested-images columns-3 wp-block-gallery-1 is-layout-flex wp-block-gallery-is-layout-flex\">\r\n<figure class=\"wp-block-image size-full is-style-rounded\"><img loading=\"lazy\" decoding=\"async\" width=\"379\" height=\"200\" data-id=\"797\" src=\"https:\/\/pelosnails.com\/wp-content\/uploads\/2025\/01\/schwarzkipf.gif\" alt=\"En Peluquer\u00eda Pelos&amp;Nails, la calidad es nuestra prioridad\r\nEn Pelos&amp;Nails, nos enorgullece trabajar con productos de la prestigiosa marca Schwarzkopf, l\u00edder mundial en el cuidado capilar. Con su innovadora tecnolog\u00eda y f\u00f3rmulas avanzadas, garantizamos resultados excepcionales para todo tipo de cabello.\" class=\"wp-image-797\"\/><\/figure>\r\n\r\n\r\n\r\n<figure class=\"wp-block-image size-full\"><img loading=\"lazy\" decoding=\"async\" width=\"418\" height=\"100\" data-id=\"786\" src=\"https:\/\/pelosnails.com\/wp-content\/uploads\/2025\/01\/Kerastase.gif\" alt=\"En Pelos&amp;Nails, confiamos en K\u00e9rastase Paris para brindarte un cuidado capilar de lujo. Con tratamientos personalizados y productos de alta calidad\" class=\"wp-image-786\"\/><\/figure>\r\n\r\n\r\n\r\n<figure class=\"wp-block-image size-full\"><img loading=\"lazy\" decoding=\"async\" width=\"350\" height=\"131\" data-id=\"790\" src=\"https:\/\/pelosnails.com\/wp-content\/uploads\/2025\/01\/wella.gif\" alt=\"En Pelos&amp;Nails trabajamos con Wella\r\nEn Pelos&amp;Nails, confiamos en Wella, una marca l\u00edder en cuidado capilar, para ofrecerte coloraciones vibrantes, tratamientos reparadores y acabados profesionales. La combinaci\u00f3n de nuestra experiencia y los productos de Wella asegura que tu cabello luzca siempre espectacular.\" class=\"wp-image-790\"\/><\/figure>\r\n\r\n\r\n\r\n<figure class=\"wp-block-image size-full\"><img loading=\"lazy\" decoding=\"async\" width=\"300\" height=\"110\" data-id=\"785\" src=\"https:\/\/pelosnails.com\/wp-content\/uploads\/2025\/01\/italiandesing.gif\" alt=\"En Pelos&amp;Nails, confiamos en IdItalian Design para ofrecer herramientas profesionales que combinan estilo, innovaci\u00f3n y calidad\" class=\"wp-image-785\"\/><\/figure>\r\n\r\n\r\n\r\n<figure class=\"wp-block-image size-full\"><img loading=\"lazy\" decoding=\"async\" width=\"300\" height=\"95\" data-id=\"798\" src=\"https:\/\/pelosnails.com\/wp-content\/uploads\/2025\/01\/ceriotti.gif\" alt=\"En Pelos&amp;Nails, trabajamos con equipos de Ceriotti, l\u00edderes en innovaci\u00f3n y calidad\" class=\"wp-image-798\"\/><\/figure>\r\n\r\n\r\n\r\n<figure class=\"wp-block-image size-full\"><img loading=\"lazy\" decoding=\"async\" width=\"300\" height=\"170\" data-id=\"787\" src=\"https:\/\/pelosnails.com\/wp-content\/uploads\/2025\/01\/parlux.gif\" alt=\"En Pelos&amp;Nails, utilizamos secadores Parlux, reconocidos por su potencia, tecnolog\u00eda avanzada y cuidado del cabello. Gracias a ellos, garantizamos peinados perfectos y un acabado profesional en cada visita. \u00a1La diferencia est\u00e1 en los detalles!\" class=\"wp-image-787\"\/><\/figure>\r\n\r\n\r\n\r\n<figure class=\"wp-block-image size-full\"><img loading=\"lazy\" decoding=\"async\" width=\"450\" height=\"120\" data-id=\"793\" src=\"https:\/\/pelosnails.com\/wp-content\/uploads\/2025\/01\/Loreal_logo.gif\" alt=\"En Peluquer\u00eda Pelos&amp;Nails, trabajamos con L'Or\u00e9al Paris para cuidar tu bellezaCon L'Or\u00e9al Paris, podemos ofrecerte:Coloraci\u00f3n de ensue\u00f1o, con tonos ricos y luminosos que cuidan tu cabello mientras transforman tu look.Tratamientos reparadores que restauran la fuerza y el brillo natural de tu melena. Estilos \u00fanicos, gracias a su amplia gama de productos de acabado y fijaci\u00f3n profesional.Ya sea para un cambio radical o un cuidado cotidiano, nuestro equipo de profesionales combina su experiencia con los productos premium de L'Or\u00e9al Paris para ofrecerte resultados que te encantar\u00e1n.\" class=\"wp-image-793\"\/><\/figure>\r\n\r\n\r\n\r\n<figure class=\"wp-block-image size-full\"><img loading=\"lazy\" decoding=\"async\" width=\"200\" height=\"118\" data-id=\"784\" src=\"https:\/\/pelosnails.com\/wp-content\/uploads\/2025\/01\/erostil.gif\" alt=\"En Pelos&amp;Nails, utilizamos herramientas de Eurostil Profesional, sin\u00f3nimo de calidad y precisi\u00f3n en el cuidado capilar.\" class=\"wp-image-784\"\/><\/figure>\r\n\r\n\r\n\r\n<figure class=\"wp-block-image size-full\"><img loading=\"lazy\" decoding=\"async\" width=\"428\" height=\"200\" data-id=\"788\" src=\"https:\/\/pelosnails.com\/wp-content\/uploads\/2025\/01\/revlon.gif\" alt=\"En Pelos&amp;Nails, usamos productos de Revlon Professional para resaltar tu belleza\" class=\"wp-image-788\"\/><\/figure>\r\n<\/figure>\r\n\r\n\r\n\r\n<hr class=\"wp-block-separator has-alpha-channel-opacity\"\/>\r\n\r\n\r\n\r\n<p><\/p>\r\n","protected":false},"excerpt":{"rendered":"<p>\u00abEn nuestro sal\u00f3n de belleza y est\u00e9tica en Monforte de Lemos, trabajamos con las mejores marcas del mercado, asegurando resultados excepcionales y una experiencia \u00fanica. Nos comprometemos a ofrecerte productos de alta gama que cuidan de tu belleza y bienestar, todo en un ambiente relajante y profesional. Te esperamos para brindarte una atenci\u00f3n personalizada y&hellip;<\/p>\n<p class=\"more-link\"><a href=\"https:\/\/pelosnails.com\/index.php\/nuestras-marcas\/\" class=\"themebutton2\">Leer m\u00e1s<\/a><\/p>\n","protected":false},"author":1,"featured_media":0,"parent":0,"menu_order":0,"comment_status":"closed","ping_status":"closed","template":"","meta":{"_uag_custom_page_level_css":"","advgb_blocks_editor_width":"","advgb_blocks_columns_visual_guide":"","footnotes":""},"class_list":["post-760","page","type-page","status-publish","hentry"],"uagb_featured_image_src":{"full":false,"thumbnail":false,"medium":false,"medium_large":false,"large":false,"1536x1536":false,"2048x2048":false,"consulting-thinkup-column1-1\/4":false,"consulting-thinkup-column3-2\/3":false},"uagb_author_info":{"display_name":"pelosnails","author_link":"https:\/\/pelosnails.com\/index.php\/author\/pelosnails\/"},"uagb_comment_info":0,"uagb_excerpt":"\u00abEn nuestro sal\u00f3n de belleza y est\u00e9tica en Monforte de Lemos, trabajamos con las mejores marcas del mercado, asegurando resultados excepcionales y una experiencia \u00fanica. Nos comprometemos a ofrecerte productos de alta gama que cuidan de tu belleza y bienestar, todo en un ambiente relajante y profesional. Te esperamos para brindarte una atenci\u00f3n personalizada y&hellip;Leer&hellip;","coauthors":[],"author_meta":{"author_link":"https:\/\/pelosnails.com\/index.php\/author\/pelosnails\/","display_name":"pelosnails"},"relative_dates":{"created":"Publicado 1 a\u00f1o hace","modified":"Actualizado 1 a\u00f1o hace"},"absolute_dates":{"created":"Publicado el 7 enero, 2025","modified":"Actualizado el 19 enero, 2025"},"absolute_dates_time":{"created":"Publicado el 7 enero, 2025 4:50 pm","modified":"Actualizado el 19 enero, 2025 11:52 am"},"featured_img_caption":"","featured_img":false,"series_order":"","_links":{"self":[{"href":"https:\/\/pelosnails.com\/index.php\/wp-json\/wp\/v2\/pages\/760","targetHints":{"allow":["GET"]}}],"collection":[{"href":"https:\/\/pelosnails.com\/index.php\/wp-json\/wp\/v2\/pages"}],"about":[{"href":"https:\/\/pelosnails.com\/index.php\/wp-json\/wp\/v2\/types\/page"}],"author":[{"embeddable":true,"href":"https:\/\/pelosnails.com\/index.php\/wp-json\/wp\/v2\/users\/1"}],"replies":[{"embeddable":true,"href":"https:\/\/pelosnails.com\/index.php\/wp-json\/wp\/v2\/comments?post=760"}],"version-history":[{"count":29,"href":"https:\/\/pelosnails.com\/index.php\/wp-json\/wp\/v2\/pages\/760\/revisions"}],"predecessor-version":[{"id":2232,"href":"https:\/\/pelosnails.com\/index.php\/wp-json\/wp\/v2\/pages\/760\/revisions\/2232"}],"wp:attachment":[{"href":"https:\/\/pelosnails.com\/index.php\/wp-json\/wp\/v2\/media?parent=760"}],"curies":[{"name":"wp","href":"https:\/\/api.w.org\/{rel}","templated":true}]}}