{"id":84,"date":"2018-02-15T15:04:22","date_gmt":"2018-02-15T15:04:22","guid":{"rendered":"http:\/\/www.pelosnails.com\/?page_id=84"},"modified":"2025-01-19T11:45:07","modified_gmt":"2025-01-19T11:45:07","slug":"aviso-legal","status":"publish","type":"page","link":"https:\/\/pelosnails.com\/index.php\/aviso-legal\/","title":{"rendered":"Aviso Legal"},"content":{"rendered":"<p>CONDICIONES DE USO<\/p>\n<p>1&#8211; Datos identificativos:<\/p>\n<p>En cumplimiento con lo establecido en el art\u00edculo 10 de la vigente Ley 34\/2002, de 11 de Julio, de Servicios de la Informaci\u00f3n y de Comercio Electr\u00f3nico, informamos que la entidad propietaria del dominio www.pelosnails.com en adelante (Pelo\u00b4s &amp; Nails) es Mari Elba Aira Goyanes NIF 34261460Q y domicilio en huerta, 43 &#8211; 27400 Monforte de Lemos (LUGO). El contenido de esta web tiene por objeto informar de sus actividades, productos y\/o servicios.<\/p>\n<p>2&#8211; Pol\u00edtica de cookies:<\/p>\n<p>\u00bfQu\u00e9 son las cookies?<\/p>\n<p>Las cookies son peque\u00f1os archivos de texto generados por las p\u00e1ginas web que visitas, las cuales contienen los datos de sesi\u00f3n que pueden ser de utilidad m\u00e1s adelante en la p\u00e1gina web. Los datos permiten que la p\u00e1gina web pueda mantener su informaci\u00f3n entre las p\u00e1ginas, y tambi\u00e9n para analizar la forma de interactuar con el sitio.<\/p>\n<p>Las cookies son seguras ya que s\u00f3lo pueden almacenar la informaci\u00f3n que se puso en su lugar por el navegador, lo que es informaci\u00f3n que el usuario ha introducido en el navegador o la que se incluye en la solicitud de p\u00e1gina. No pueden ejecutar c\u00f3digo y no se pueden utilizar para acceder a tu ordenador.<\/p>\n<p>Las cookies son esenciales para el funcionamiento de internet, aportando innumerables ventajas en la prestaci\u00f3n de servicios interactivos, facilit\u00e1ndole la navegaci\u00f3n y usabilidad de la web. Las cookies no pueden da\u00f1ar su equipo, no pueden ejecutar c\u00f3digo y no se pueden utilizar para acceder a tu ordenador, y que est\u00e9n activadas ayuda a identificar y resolver los errores.<\/p>\n<p>Algunos servicios pueden utilizar conectores a redes sociales (plugins sociales) tales como Facebook, Twitter, Google +, etc. En este caso, debes consultar la pol\u00edtica de cookie de estas redes sociales, toda vez que al utilizar el registro social est\u00e1s autorizando a la red social a almacenar cookies.<\/p>\n<p>\u00bfQu\u00e9 tipos de cookies existen?<\/p>\n<p>A continuaci\u00f3n, proporcionamos m\u00e1s informaci\u00f3n para que se entiendan mejor los diferentes tipos de cookies que pueden ser utilizados:<\/p>\n<p>&#8211; En funci\u00f3n de la caducidad:<\/p>\n<p>Cookies de sesi\u00f3n: son cookies temporales que permanecen en el archivo de cookies del navegador hasta que se abandona la p\u00e1gina web. Se suele emplear para analizar pautas de tr\u00e1fico en la web. A la larga, esto permite proporcionar una mejor experiencia para mejorar el contenido y facilitar su uso.<\/p>\n<p>Cookies permanentes: son almacenadas en el terminal y la p\u00e1gina web las lee cada vez que se realiza una nueva visita. A pesar de su nombre, una web permanente posee una fecha de expiraci\u00f3n determinada. La cookie dejar\u00e1 de funcionar despu\u00e9s de esa fecha que puede ir de unos minutos a varios a\u00f1os. Se utilizan, generalmente, para facilitar los diferentes servicios que ofrecen las p\u00e1ginas web.<\/p>\n<p>&#8211; En funci\u00f3n de qui\u00e9n las gestione:<\/p>\n<p>Cookies propias: son las enviadas y gestionadas por un equipo o dominio del propio editor de la web que se est\u00e1 visitando.<\/p>\n<p>Cookies de terceros: son las enviadas y gestionadas por un tercero que no es el propio editor de la web, cuando proceden de otro servidor. Como por ejemplo, las usadas por redes sociales, o por contenido externo como Google Maps.<\/p>\n<p>&#8211; En funci\u00f3n de la finalidad para la que se traten los datos obtenidos a trav\u00e9s de la Cookies, podemos distinguir entre:<\/p>\n<p>Cookies t\u00e9cnicas: son aquellas que permiten al usuario la navegaci\u00f3n a trav\u00e9s de una p\u00e1gina web y la utilizaci\u00f3n de las diferentes opciones o servicios que en ella existan como, por ejemplo, controlar el tr\u00e1fico, identificar la sesi\u00f3n del usuario, acceder a partes de acceso restringido, recordar los elementos que integran un pedido, realizar la solicitud de inscripci\u00f3n o participaci\u00f3n en un evento, utilizar elementos de seguridad durante la navegaci\u00f3n, almacenar contenidos para la difusi\u00f3n de videos o sonido o compartir contenidos a trav\u00e9s de redes sociales.<\/p>\n<p>Cookies anal\u00edticas: son aquellas que permiten al responsable de las mismas, el seguimiento y an\u00e1lisis estad\u00edsticos del comportamiento de los usuarios en los sitios web a los que est\u00e1n vinculadas. Se utilizan para la medici\u00f3n en la actividad de los sitios web y para la elaboraci\u00f3n de perfiles de navegaci\u00f3n de los usuarios de dichos sitios, con el fin de introducir mejoras en funci\u00f3n del an\u00e1lisis de datos de uso que hacen los usuarios del servicio. Son tratadas por nosotros y\/o por terceros. Estas cookies recaban informaci\u00f3n an\u00f3nima\/disociada del usuario, como el n\u00famero de usuarios y el tiempo empleado, cuantas veces visita el sitio, el origen del usuario, keywords&#8230; Gracias a ello podemos mejorar la oferta de productos y servicios que ofrecemos.<\/p>\n<p>Cookies de publicidad: son aquellas que, bien tratadas por nosotros o por terceros, nos permiten gestionar de la forma m\u00e1s eficaz posible la oferta de los espacios publicitarios que hay en la p\u00e1gina web, adecuando el contenido del anuncio al contenido del servicio solicitado o al uso que realice de nuestra p\u00e1gina web.<\/p>\n<p>\u00bfQu\u00e9 cookies utilizamos en nuestros productos Web?<\/p>\n<p>A continuaci\u00f3n informamos y te pedimos permiso para ejecutar las siguientes cookies propias o de servicios que nos prestan complementos de terceros. La mayor\u00eda de navegadores generalmente te permitir\u00e1n cambiar las caracter\u00edsticas de tu navegador para que \u00e9ste no acepte estas \u201ccookies\u201d, pero si realizas esta acci\u00f3n, por favor ten en cuenta que el sitio web o algunas partes del sitio web no funcionar\u00e1n correctamente.<\/p>\n<p>a) Cookies propias<\/p>\n<p>&#8211; CookiesCtrl: Para controlar si el usuario acepta o no las cookies.<\/p>\n<p>&#8211; pgresponsive: Con esta cookie gestionamos la versi\u00f3n responsive del sitio web.<\/p>\n<p>&#8211; ASP.NET_SessionId: Esta cookie es usada para establecer la sesi\u00f3n del usuario que visita la web.<\/p>\n<p>&#8211; visita: Para contabilizar las visitas a la web.<\/p>\n<p>b) Cookies de Terceros<\/p>\n<p>Google<\/p>\n<p>&#8211; _utma, _utmb, _utmt, _utmz: Estas cookies se corresponden al servicio de anal\u00edtica web denominado Google Analytics, que permite obtener informaci\u00f3n sobre el uso que los usuarios hacen del sitio web.<\/p>\n<p>&#8211; PREF, NID, GAPS, GoogleAccountsLocale_session, AID, APISID, HID, HSID, SID, SAPISID, SSID, CONSENT, TAID, PAIDCONTENT: Al iniciar sesi\u00f3n en una cuenta de Google se almacenan estas cookies en el ordenador con el fin de permanecer conectado a su cuenta de Google al visitar sus servicios de nuevo. Mientras permanezca con esta sesi\u00f3n activa y use complementos en otros sitios web como el nuestro, Google har\u00e1 uso de estas cookies para mejorar su experiencia de uso. Es habitual que aparezcan al emplear mapas de Google.<br \/>\nPara m\u00e1s informaci\u00f3n se puede consultar el documento \u201cTipos de cookies que utiliza Google\u201d.<\/p>\n<p>\u00bfC\u00f3mo gestionar las cookies?<\/p>\n<p>Todos los navegadores de Internet permiten limitar el comportamiento de una cookie o desactivar las cookies dentro de la configuraci\u00f3n o las opciones del navegador. Los pasos para hacerlo son diferentes para cada navegador, pudi\u00e9ndose encontrar instrucciones en el men\u00fa de ayuda de tu navegador.<\/p>\n<p>Muchos navegadores permiten activar un modo privado mediante el cual las cookies se borran siempre despu\u00e9s de la visita. Dependiendo de cada navegador este modo privado, puede tener diferentes nombres. A continuaci\u00f3n se puede encontrar una lista de los navegadores m\u00e1s comunes con un enlace a la configuraci\u00f3n de cookies y los diferentes nombres de este \u201cmodo privado\u201d:<\/p>\n<p>\u00b7 Chrome, consulte Administraci\u00f3n de cookies en Chrome<br \/>\n\u00b7 Internet Explorer, consulte Administraci\u00f3n de cookies en Internet Explorer<br \/>\n\u00b7 Firefox, consulte Administraci\u00f3n de cookies en Firefox<br \/>\n\u00b7 Safari, consulte Administraci\u00f3n de cookies en Safari<br \/>\n\u00b7 Opera, consulte Administraci\u00f3n de cookies en Opera<br \/>\n\u00b7 Safari (iOS), consulte Administraci\u00f3n de cookies en Safari (iOS)<br \/>\n\u00b7 Chrome (Android), consulte Administraci\u00f3n de cookies en Chrome (Android)<\/p>\n<p>3&#8211; Pol\u00edtica de Protecci\u00f3n de Datos:<\/p>\n<p>De acuerdo con lo establecido por la Ley Org\u00e1nica 15\/1999, de 13 de diciembre, de Protecci\u00f3n de Datos de Car\u00e1cter Personal (LOPD), le informamos que sus datos ser\u00e1n tratados por el titular de la Web. La finalidad del tratamiento es atender las solicitudes de informaci\u00f3n o contacto recibidas de usted, as\u00ed como mantenerle informado de nuestros productos y servicios, actuales o futuros.<\/p>\n<p>El hecho de que no introduzca los datos que se le soliciten obligatoriamente en el formulario podr\u00e1 tener como consecuencia que no se pueda atender su solicitud.<\/p>\n<p>Se le informa de la posibilidad de ejercer los derechos de acceso, rectificaci\u00f3n, cancelaci\u00f3n y oposici\u00f3n al tratamiento de sus datos, dirigiendo un escrito, acompa\u00f1ado de una fotocopia de su DNI o documento identificativo equivalente, a la direcci\u00f3n del titular de la web.<\/p>\n","protected":false},"excerpt":{"rendered":"<p>CONDICIONES DE USO 1&#8211; Datos identificativos: En cumplimiento con lo establecido en el art\u00edculo 10 de la vigente Ley 34\/2002, de 11 de Julio, de Servicios de la Informaci\u00f3n y de Comercio Electr\u00f3nico, informamos que la entidad propietaria del dominio www.pelosnails.com en adelante (Pelo\u00b4s &amp; Nails) es Mari Elba Aira Goyanes NIF 34261460Q y domicilio&hellip;<\/p>\n<p class=\"more-link\"><a href=\"https:\/\/pelosnails.com\/index.php\/aviso-legal\/\" class=\"themebutton2\">Leer m\u00e1s<\/a><\/p>\n","protected":false},"author":1,"featured_media":0,"parent":0,"menu_order":0,"comment_status":"closed","ping_status":"closed","template":"","meta":{"_uag_custom_page_level_css":"","advgb_blocks_editor_width":"","advgb_blocks_columns_visual_guide":"","footnotes":""},"class_list":["post-84","page","type-page","status-publish","hentry"],"uagb_featured_image_src":{"full":false,"thumbnail":false,"medium":false,"medium_large":false,"large":false,"1536x1536":false,"2048x2048":false,"consulting-thinkup-column1-1\/4":false,"consulting-thinkup-column3-2\/3":false},"uagb_author_info":{"display_name":"pelosnails","author_link":"https:\/\/pelosnails.com\/index.php\/author\/pelosnails\/"},"uagb_comment_info":0,"uagb_excerpt":"CONDICIONES DE USO 1&#8211; Datos identificativos: En cumplimiento con lo establecido en el art\u00edculo 10 de la vigente Ley 34\/2002, de 11 de Julio, de Servicios de la Informaci\u00f3n y de Comercio Electr\u00f3nico, informamos que la entidad propietaria del dominio www.pelosnails.com en adelante (Pelo\u00b4s &amp; Nails) es Mari Elba Aira Goyanes NIF 34261460Q y domicilio&hellip;Leer&hellip;","coauthors":[],"author_meta":{"author_link":"https:\/\/pelosnails.com\/index.php\/author\/pelosnails\/","display_name":"pelosnails"},"relative_dates":{"created":"Publicado 8 a\u00f1os hace","modified":"Actualizado 1 a\u00f1o hace"},"absolute_dates":{"created":"Publicado el 15 febrero, 2018","modified":"Actualizado el 19 enero, 2025"},"absolute_dates_time":{"created":"Publicado el 15 febrero, 2018 3:04 pm","modified":"Actualizado el 19 enero, 2025 11:45 am"},"featured_img_caption":"","featured_img":false,"series_order":"","_links":{"self":[{"href":"https:\/\/pelosnails.com\/index.php\/wp-json\/wp\/v2\/pages\/84","targetHints":{"allow":["GET"]}}],"collection":[{"href":"https:\/\/pelosnails.com\/index.php\/wp-json\/wp\/v2\/pages"}],"about":[{"href":"https:\/\/pelosnails.com\/index.php\/wp-json\/wp\/v2\/types\/page"}],"author":[{"embeddable":true,"href":"https:\/\/pelosnails.com\/index.php\/wp-json\/wp\/v2\/users\/1"}],"replies":[{"embeddable":true,"href":"https:\/\/pelosnails.com\/index.php\/wp-json\/wp\/v2\/comments?post=84"}],"version-history":[{"count":5,"href":"https:\/\/pelosnails.com\/index.php\/wp-json\/wp\/v2\/pages\/84\/revisions"}],"predecessor-version":[{"id":337,"href":"https:\/\/pelosnails.com\/index.php\/wp-json\/wp\/v2\/pages\/84\/revisions\/337"}],"wp:attachment":[{"href":"https:\/\/pelosnails.com\/index.php\/wp-json\/wp\/v2\/media?parent=84"}],"curies":[{"name":"wp","href":"https:\/\/api.w.org\/{rel}","templated":true}]}}