{"id":88,"date":"2018-02-15T15:27:20","date_gmt":"2018-02-15T15:27:20","guid":{"rendered":"http:\/\/www.pelosnails.com\/?page_id=88"},"modified":"2025-01-21T18:32:48","modified_gmt":"2025-01-21T18:32:48","slug":"quienes-somos","status":"publish","type":"page","link":"https:\/\/pelosnails.com\/index.php\/quienes-somos\/","title":{"rendered":"Quienes Somos"},"content":{"rendered":"\n<p class=\"ex5 colorgris\"><strong>Pelo\u00b4s &amp; Nails<\/strong>, Salon de Belleza busca cubrir las necesidades en la zona. A trav\u00e9s de nuestros innovadores servicios de peluquer\u00eda y est\u00e9tica, aconsej\u00e1ndote lo que mejor puede quedarte, trabajamos con grandes marcas como <strong>Wella<\/strong>,&nbsp;<strong>LL&#8217;Or\u00e9al Paris<\/strong>,&nbsp;<strong>Schwarzkopf<\/strong>, y ultimas t\u00e9cnicas de corte, alisado, peinados y servicios vanguardistas. <strong>Nos avalan m\u00e1s de 28 a\u00f1os<\/strong> de experiencia en el sector de la peluquer\u00eda y la est\u00e9tica. Realizamos todo tipo de trabajos, tanto en peluquer\u00eda como en est\u00e9tica, queremos que la belleza y el bienestar formen parte de tu vida. Te invitamos a que nos conozcas en <strong>C.\/ Huertas 42<\/strong> Entresuelo B , 27400 Monforte de Lemos (Lugo) y disfrutes de un ambiente acogedor y elegante con un trato personalizado. Nuestra inquietud nos hace estar en constante evoluci\u00f3n adquiriendo las \u00faltimas tendencias de moda para adaptarlas a tu propio estilo y personalidad, somos especialistas, primando a la hora de realizar nuestro trabajo el gusto de nuestros clientes. Vis\u00edtanos, y estaremos encantados de cuidar tu piel y tu cabello.<\/p>\n\n\n\t\t\t\t\t<div\n\t\t\t\t\t\tclass=\"wp-block-uagb-image-gallery uagb-block-d8809b07     \"\n\t\t\t\t\t\tstyle=\"\"\n\t\t\t\t\t>\n\t\t\t\t\t\t\t\t\t\t\t<div class=\"spectra-image-gallery spectra-image-gallery__layout--masonry spectra-image-gallery__layout--masonry-col-1 spectra-image-gallery__layout--masonry-col-tab-3 spectra-image-gallery__layout--masonry-col-mob-1\">\n\t\t\t\t\t\t\t\t\t\t\t<div class='spectra-image-gallery__media-wrapper--isotope'>\n\t\t\t\t\t\t\t<div class='spectra-image-gallery__media-wrapper' data-spectra-gallery-image-id='2385' tabindex=\"0\">\n\t\t\t\t\t\t\t<div class=\"spectra-image-gallery__media spectra-image-gallery__media--masonry\">\n\t\t\t\t<picture>\n\t\t\t\t\t<source media=\"(min-width: 1024px)\" srcset=\"https:\/\/pelosnails.com\/wp-content\/uploads\/2025\/01\/quienessomos_.jpg\">\n\t\t\t\t\t<source media=\"(min-width: 768px)\" srcset=\"https:\/\/pelosnails.com\/wp-content\/uploads\/2025\/01\/quienessomos_.jpg\">\n\t\t\t\t\t<img decoding=\"async\" class=\"spectra-image-gallery__media-thumbnail spectra-image-gallery__media-thumbnail--masonry\" src=\"https:\/\/pelosnails.com\/wp-content\/uploads\/2025\/01\/quienessomos_.jpg\" alt=\"En Pelos&amp;Nails Sal\u00f3n de belleza, peluquer\u00eda de Monforte de Lemos somos y tenemos valores de: integridad (hacemos lo que decimos), Servicio (el cliente primero), Lealtad (confianza y uni\u00f3n de equipo) Organizaci\u00f3n (Orden para lograr resultados), comunicaci\u00f3n Formal (formalidad en el hacer), Respeto (nuestra base de entendimiento), Honestidad (la base de nuestros servicios)y Profesionalismo (comprometidos con el trabajo)\" loading=\"lazy\" \/>\n\t\t\t\t<\/picture>\n\t\t\t\t<div class=\"spectra-image-gallery__media-thumbnail-blurrer\"><\/div>\n\t\t\t\t\t\t\t\t\t\t\t<div class=\"spectra-image-gallery__media-thumbnail-caption-wrapper spectra-image-gallery__media-thumbnail-caption-wrapper--overlay\"><\/div>\n\t\t\t\t\t\t\t\t<\/div>\n\t\t\t\t\t\t<\/div>\n\t\t\t\t\t\t<\/div>\n\t\t\t\t\t\t\t\t\t\t<\/div>\n\t\t\t\t\t\t\t\t\t\t\t\t\t\t\t\t\t\t<\/div>\n\t\t\t\t\t\t\t\t\t\n\n\n<p>&nbsp;<\/p>\n","protected":false},"excerpt":{"rendered":"<p>Pelo\u00b4s &amp; Nails, Salon de Belleza busca cubrir las necesidades en la zona. A trav\u00e9s de nuestros innovadores servicios de peluquer\u00eda y est\u00e9tica, aconsej\u00e1ndote lo que mejor puede quedarte, trabajamos con grandes marcas como Wella,&nbsp;LL&#8217;Or\u00e9al Paris,&nbsp;Schwarzkopf, y ultimas t\u00e9cnicas de corte, alisado, peinados y servicios vanguardistas. Nos avalan m\u00e1s de 28 a\u00f1os de experiencia en&hellip;<\/p>\n<p class=\"more-link\"><a href=\"https:\/\/pelosnails.com\/index.php\/quienes-somos\/\" class=\"themebutton2\">Leer m\u00e1s<\/a><\/p>\n","protected":false},"author":1,"featured_media":0,"parent":0,"menu_order":0,"comment_status":"closed","ping_status":"closed","template":"","meta":{"_uag_custom_page_level_css":"","advgb_blocks_editor_width":"","advgb_blocks_columns_visual_guide":"","footnotes":""},"class_list":["post-88","page","type-page","status-publish","hentry"],"uagb_featured_image_src":{"full":false,"thumbnail":false,"medium":false,"medium_large":false,"large":false,"1536x1536":false,"2048x2048":false,"consulting-thinkup-column1-1\/4":false,"consulting-thinkup-column3-2\/3":false},"uagb_author_info":{"display_name":"pelosnails","author_link":"https:\/\/pelosnails.com\/index.php\/author\/pelosnails\/"},"uagb_comment_info":0,"uagb_excerpt":"Pelo\u00b4s &amp; Nails, Salon de Belleza busca cubrir las necesidades en la zona. A trav\u00e9s de nuestros innovadores servicios de peluquer\u00eda y est\u00e9tica, aconsej\u00e1ndote lo que mejor puede quedarte, trabajamos con grandes marcas como Wella,&nbsp;LL&#8217;Or\u00e9al Paris,&nbsp;Schwarzkopf, y ultimas t\u00e9cnicas de corte, alisado, peinados y servicios vanguardistas. Nos avalan m\u00e1s de 28 a\u00f1os de experiencia en&hellip;Leer&hellip;","coauthors":[],"author_meta":{"author_link":"https:\/\/pelosnails.com\/index.php\/author\/pelosnails\/","display_name":"pelosnails"},"relative_dates":{"created":"Publicado 8 a\u00f1os hace","modified":"Actualizado 1 a\u00f1o hace"},"absolute_dates":{"created":"Publicado el 15 febrero, 2018","modified":"Actualizado el 21 enero, 2025"},"absolute_dates_time":{"created":"Publicado el 15 febrero, 2018 3:27 pm","modified":"Actualizado el 21 enero, 2025 6:32 pm"},"featured_img_caption":"","featured_img":false,"series_order":"","_links":{"self":[{"href":"https:\/\/pelosnails.com\/index.php\/wp-json\/wp\/v2\/pages\/88","targetHints":{"allow":["GET"]}}],"collection":[{"href":"https:\/\/pelosnails.com\/index.php\/wp-json\/wp\/v2\/pages"}],"about":[{"href":"https:\/\/pelosnails.com\/index.php\/wp-json\/wp\/v2\/types\/page"}],"author":[{"embeddable":true,"href":"https:\/\/pelosnails.com\/index.php\/wp-json\/wp\/v2\/users\/1"}],"replies":[{"embeddable":true,"href":"https:\/\/pelosnails.com\/index.php\/wp-json\/wp\/v2\/comments?post=88"}],"version-history":[{"count":74,"href":"https:\/\/pelosnails.com\/index.php\/wp-json\/wp\/v2\/pages\/88\/revisions"}],"predecessor-version":[{"id":2408,"href":"https:\/\/pelosnails.com\/index.php\/wp-json\/wp\/v2\/pages\/88\/revisions\/2408"}],"wp:attachment":[{"href":"https:\/\/pelosnails.com\/index.php\/wp-json\/wp\/v2\/media?parent=88"}],"curies":[{"name":"wp","href":"https:\/\/api.w.org\/{rel}","templated":true}]}}