{"id":993,"date":"2025-01-08T22:56:34","date_gmt":"2025-01-08T22:56:34","guid":{"rendered":"https:\/\/pelosnails.com\/?page_id=993"},"modified":"2025-02-01T18:46:18","modified_gmt":"2025-02-01T18:46:18","slug":"servicios-2","status":"publish","type":"page","link":"https:\/\/pelosnails.com\/","title":{"rendered":"Inicio"},"content":{"rendered":"\n<hr class=\"wp-block-separator has-alpha-channel-opacity\"\/>\n\n\n\n<div class=\"wp-block-columns is-layout-flex wp-container-core-columns-is-layout-9d6595d7 wp-block-columns-is-layout-flex\">\n<div class=\"wp-block-column has-background is-layout-flow wp-block-column-is-layout-flow\" style=\"background: linear-gradient(163deg,#eeeeee 57%,#a9b8c3 100%);\">\n\n<div class=\"wp-block-buttons ex3 is-content-justification-center is-layout-flex wp-container-core-buttons-is-layout-16018d1d wp-block-buttons-is-layout-flex\">\n\n<div class=\"wp-block-button\"><a class=\"wp-block-button__link has-vivid-cyan-blue-background-color has-background wp-element-button\" href=\"\/index.php\/peluqueria\/\">Peluquer\u00eda<\/a><\/div>\n\n<\/div>\n\n\r\n\r\n\n<figure class=\"wp-block-gallery has-nested-images columns-default is-cropped wp-block-gallery-1 is-layout-flex wp-block-gallery-is-layout-flex\">\n\n<figure class=\"wp-block-image size-large\"><a href=\"https:\/\/pelosnails.com\/index.php\/peluqueria\/\"><img loading=\"lazy\" decoding=\"async\" width=\"1024\" height=\"768\" data-id=\"1535\" class=\"wp-image-1535\" src=\"https:\/\/pelosnails.com\/wp-content\/uploads\/2025\/01\/rubia_1152_861-1024x768.jpg\" alt=\"Chica rubia con un peinado elegante y moderno, cabello arreglado en ondas suaves, y labios pintados de rojo, mostrando un estilo sofisticado ideal para ocasiones especiales.\" srcset=\"https:\/\/pelosnails.com\/wp-content\/uploads\/2025\/01\/rubia_1152_861-1024x768.jpg 1024w, https:\/\/pelosnails.com\/wp-content\/uploads\/2025\/01\/rubia_1152_861-300x225.jpg 300w, https:\/\/pelosnails.com\/wp-content\/uploads\/2025\/01\/rubia_1152_861-768x576.jpg 768w, https:\/\/pelosnails.com\/wp-content\/uploads\/2025\/01\/rubia_1152_861.jpg 1152w\" sizes=\"auto, (max-width: 1024px) 100vw, 1024px\" \/><\/a><\/figure>\n\n<\/figure>\n\n\r\n\r\n\n<p class=\"ex1\">Descubre c\u00f3mo transformar tu look con estilistas profesionales, a la vanguardia en tendencias y t\u00e9cnicas de cortes, peinados y coloraci\u00f3n. Ya sea que prefieras un estilo cl\u00e1sico, moderno o audaz, te ofrecemos una experiencia \u00fanica.<\/p>\n\n<\/div>\n\n\n\n<div class=\"wp-block-column has-background is-layout-flow wp-block-column-is-layout-flow\" style=\"background: linear-gradient(163deg,#eeeeee 57%,#a9b8c3 100%);\">\n\n<div class=\"wp-block-buttons ex3 is-content-justification-center is-layout-flex wp-container-core-buttons-is-layout-16018d1d wp-block-buttons-is-layout-flex\">\n\n<div class=\"wp-block-button has-custom-width wp-block-button__width-75\"><a class=\"wp-block-button__link has-vivid-cyan-blue-background-color has-background wp-element-button\" href=\"\/index.php\/estetica\/\">Est\u00e9tica<\/a><\/div>\n\n<\/div>\n\n\r\n\r\n\n<figure class=\"wp-block-gallery has-nested-images columns-default is-cropped wp-block-gallery-2 is-layout-flex wp-block-gallery-is-layout-flex\">\n\n<figure class=\"wp-block-image size-large\"><a href=\"https:\/\/pelosnails.com\/index.php\/estetica\/\"><img loading=\"lazy\" decoding=\"async\" width=\"1024\" height=\"768\" data-id=\"1533\" class=\"wp-image-1533\" src=\"https:\/\/pelosnails.com\/wp-content\/uploads\/2025\/01\/unas_labios_1152x864-1024x768.jpg\" alt=\"Chica morena con un estilo moderno y sofisticado, u\u00f1as y labios pintados de negro, resaltando un look atrevido y elegante, ideal para destacar en cualquier ocasi\u00f3n.\" srcset=\"https:\/\/pelosnails.com\/wp-content\/uploads\/2025\/01\/unas_labios_1152x864-1024x768.jpg 1024w, https:\/\/pelosnails.com\/wp-content\/uploads\/2025\/01\/unas_labios_1152x864-300x225.jpg 300w, https:\/\/pelosnails.com\/wp-content\/uploads\/2025\/01\/unas_labios_1152x864-768x576.jpg 768w, https:\/\/pelosnails.com\/wp-content\/uploads\/2025\/01\/unas_labios_1152x864.jpg 1152w\" sizes=\"auto, (max-width: 1024px) 100vw, 1024px\" \/><\/a><\/figure>\n\n<\/figure>\n\n\r\n\r\n\n<p class=\"ex1\">Un lugar dedicado a tu bienestar y belleza. En Pelos&amp;Nails, cuidamos tu bienestar y belleza con t\u00e9cnicas avanzadas, productos de calidad y atenci\u00f3n personalizada que te mereces, para resaltando lo mejor de ti<\/p>\n\n<\/div>\n\n\n\n<div class=\"wp-block-column has-background is-layout-flow wp-block-column-is-layout-flow\" style=\"background: linear-gradient(163deg,#eeeeee 57%,#a9b8c3 100%);\">\n\n<div class=\"wp-block-buttons ex3 is-content-justification-center is-layout-flex wp-container-core-buttons-is-layout-16018d1d wp-block-buttons-is-layout-flex\">\n\n<div class=\"wp-block-button has-custom-width wp-block-button__width-75\"><a class=\"wp-block-button__link has-vivid-cyan-blue-background-color has-background wp-element-button\" href=\"\/index.php\/tratamientos\/\">Tratamientos<\/a><\/div>\n\n<\/div>\n\n\r\n\r\n\n<figure class=\"wp-block-image size-large\"><a href=\"https:\/\/pelosnails.com\/index.php\/tratamientos\/\"><img loading=\"lazy\" decoding=\"async\" width=\"1024\" height=\"768\" class=\"wp-image-1534\" title=\"\" src=\"https:\/\/pelosnails.com\/wp-content\/uploads\/2025\/01\/PELO_1152_864-1024x768.jpg\" alt=\"Chica morena con cabello negro muy bonito, liso y brillante gracias a un tratamiento de queratina, luciendo un estilo saludable y elegante, ideal para realzar la belleza natural. Tratamiento realizado en Pelos&amp;Nails en Monforte de Lemos\" srcset=\"https:\/\/pelosnails.com\/wp-content\/uploads\/2025\/01\/PELO_1152_864-1024x768.jpg 1024w, https:\/\/pelosnails.com\/wp-content\/uploads\/2025\/01\/PELO_1152_864-300x225.jpg 300w, https:\/\/pelosnails.com\/wp-content\/uploads\/2025\/01\/PELO_1152_864-768x576.jpg 768w, https:\/\/pelosnails.com\/wp-content\/uploads\/2025\/01\/PELO_1152_864.jpg 1152w\" sizes=\"auto, (max-width: 1024px) 100vw, 1024px\" \/><\/a><\/figure>\n\n\r\n\r\n\n<p class=\"ex1\">Nos especializamos en ofrecer una amplia gama de tratamientos de peluquer\u00eda adaptados a tus necesidades y tipo de cabello. Utilizamos productos de las mejores marcas para que tu cabello reciba el cuidado que merece<\/p>\n\n<\/div>\n<\/div>\n\n\n\n<hr class=\"wp-block-separator has-alpha-channel-opacity\"\/>\n\n\n\n<div class=\"wp-block-columns is-layout-flex wp-container-core-columns-is-layout-9d6595d7 wp-block-columns-is-layout-flex\">\n<div class=\"wp-block-column is-layout-flow wp-block-column-is-layout-flow\">\n<figure class=\"wp-block-gallery has-nested-images columns-default is-cropped wp-block-gallery-3 is-layout-flex wp-block-gallery-is-layout-flex\">\n<figure class=\"wp-block-image size-large\"><img loading=\"lazy\" decoding=\"async\" width=\"850\" height=\"567\" data-id=\"1206\" src=\"https:\/\/pelosnails.com\/wp-content\/uploads\/2025\/01\/PEINADO_N_850.jpg\" alt=\"Chica Rubia de media melena, muy bien peinada, con pelos liso y peinado tapando media cara, muy elegante, tanto para fiestas, para celebraciones, adem\u00e1s esta maquillada.\" class=\"wp-image-1206\" srcset=\"https:\/\/pelosnails.com\/wp-content\/uploads\/2025\/01\/PEINADO_N_850.jpg 850w, https:\/\/pelosnails.com\/wp-content\/uploads\/2025\/01\/PEINADO_N_850-300x200.jpg 300w, https:\/\/pelosnails.com\/wp-content\/uploads\/2025\/01\/PEINADO_N_850-768x512.jpg 768w, https:\/\/pelosnails.com\/wp-content\/uploads\/2025\/01\/PEINADO_N_850-380x254.jpg 380w\" sizes=\"auto, (max-width: 850px) 100vw, 850px\" \/><\/figure>\n\n\n\n<figure class=\"wp-block-image size-medium\"><img loading=\"lazy\" decoding=\"async\" width=\"200\" height=\"300\" data-id=\"2442\" src=\"https:\/\/pelosnails.com\/wp-content\/uploads\/2025\/02\/labiospelo660-200x300.jpg\" alt=\"Chica morena y guapa de media melena, muy bien peinada, con muy elegante, tanto para fiestas, para celebraciones, adem\u00e1s esta maquillada. con labios rojos Jazm\u00edn\" class=\"wp-image-2442\" srcset=\"https:\/\/pelosnails.com\/wp-content\/uploads\/2025\/02\/labiospelo660-200x300.jpg 200w, https:\/\/pelosnails.com\/wp-content\/uploads\/2025\/02\/labiospelo660.jpg 660w\" sizes=\"auto, (max-width: 200px) 100vw, 200px\" \/><\/figure>\n<\/figure>\n<\/div>\n\n\n\n<div class=\"wp-block-column is-layout-flow wp-block-column-is-layout-flow\">\n<p>En Pelos@Nails, creemos que la verdadera belleza comienza con el cuidado y la confianza en uno mismo. Por eso, hemos creado un espacio donde cada detalle est\u00e1 pensado para ti.<br>Desde cortes, coloraciones y peinados que resaltan tu personalidad, hasta tratamientos faciales, manicura y est\u00e9tica avanzada, nuestro equipo combina t\u00e9cnica, pasi\u00f3n y productos de alta calidad para ofrecerte resultados que te encantar\u00e1n.<br>D\u00e9janos ser tu aliado en el camino hacia la mejor versi\u00f3n de ti. Rel\u00e1jate, si\u00e9ntete especial y descubre c\u00f3mo una experiencia de belleza puede ser mucho m\u00e1s que un simple tratamiento: puede ser un momento \u00fanico dedicado a ti.<\/p>\n\n\n\n<div class=\"wp-block-buttons ex3 is-content-justification-center is-layout-flex wp-container-core-buttons-is-layout-16018d1d wp-block-buttons-is-layout-flex\">\n<div class=\"wp-block-button has-custom-width wp-block-button__width-75 has-custom-font-size is-style-fill has-medium-font-size\"><a class=\"wp-block-button__link has-vivid-cyan-blue-background-color has-background wp-element-button\" href=\"https:\/\/pelosnails.com\/index.php\/servicios\/\" style=\"border-radius:47px\" rel=\"\">Descubre Nuestros Servicios<\/a><\/div>\n<\/div>\n<\/div>\n<\/div>\n\n\n\n<hr class=\"wp-block-separator has-alpha-channel-opacity\"\/>\n","protected":false},"excerpt":{"rendered":"<p>Descubre c\u00f3mo transformar tu look con estilistas profesionales, a la vanguardia en tendencias y t\u00e9cnicas de cortes, peinados y coloraci\u00f3n. Ya sea que prefieras un estilo cl\u00e1sico, moderno o audaz, te ofrecemos una experiencia \u00fanica. Un lugar dedicado a tu bienestar y belleza. En Pelos&amp;Nails, cuidamos tu bienestar y belleza con t\u00e9cnicas avanzadas, productos de&hellip;<\/p>\n<p class=\"more-link\"><a href=\"https:\/\/pelosnails.com\/\" class=\"themebutton2\">Leer m\u00e1s<\/a><\/p>\n","protected":false},"author":1,"featured_media":1013,"parent":0,"menu_order":0,"comment_status":"closed","ping_status":"closed","template":"","meta":{"_uag_custom_page_level_css":"","advgb_blocks_editor_width":"","advgb_blocks_columns_visual_guide":"","footnotes":""},"class_list":["post-993","page","type-page","status-publish","has-post-thumbnail","hentry"],"uagb_featured_image_src":{"full":["https:\/\/pelosnails.com\/wp-content\/uploads\/2025\/01\/Ccomposicion1000CC.jpg",1000,667,false],"thumbnail":["https:\/\/pelosnails.com\/wp-content\/uploads\/2025\/01\/Ccomposicion1000CC-150x150.jpg",150,150,true],"medium":["https:\/\/pelosnails.com\/wp-content\/uploads\/2025\/01\/Ccomposicion1000CC-300x200.jpg",300,200,true],"medium_large":["https:\/\/pelosnails.com\/wp-content\/uploads\/2025\/01\/Ccomposicion1000CC-768x512.jpg",768,512,true],"large":["https:\/\/pelosnails.com\/wp-content\/uploads\/2025\/01\/Ccomposicion1000CC.jpg",1000,667,false],"1536x1536":["https:\/\/pelosnails.com\/wp-content\/uploads\/2025\/01\/Ccomposicion1000CC.jpg",1000,667,false],"2048x2048":["https:\/\/pelosnails.com\/wp-content\/uploads\/2025\/01\/Ccomposicion1000CC.jpg",1000,667,false],"consulting-thinkup-column1-1\/4":["https:\/\/pelosnails.com\/wp-content\/uploads\/2025\/01\/Ccomposicion1000CC.jpg",427,285,false],"consulting-thinkup-column3-2\/3":["https:\/\/pelosnails.com\/wp-content\/uploads\/2025\/01\/Ccomposicion1000CC.jpg",380,254,false]},"uagb_author_info":{"display_name":"pelosnails","author_link":"https:\/\/pelosnails.com\/index.php\/author\/pelosnails\/"},"uagb_comment_info":0,"uagb_excerpt":"Descubre c\u00f3mo transformar tu look con estilistas profesionales, a la vanguardia en tendencias y t\u00e9cnicas de cortes, peinados y coloraci\u00f3n. Ya sea que prefieras un estilo cl\u00e1sico, moderno o audaz, te ofrecemos una experiencia \u00fanica. Un lugar dedicado a tu bienestar y belleza. En Pelos&amp;Nails, cuidamos tu bienestar y belleza con t\u00e9cnicas avanzadas, productos de&hellip;Leer&hellip;","coauthors":[],"author_meta":{"author_link":"https:\/\/pelosnails.com\/index.php\/author\/pelosnails\/","display_name":"pelosnails"},"relative_dates":{"created":"Publicado 1 a\u00f1o hace","modified":"Actualizado 1 a\u00f1o hace"},"absolute_dates":{"created":"Publicado el 8 enero, 2025","modified":"Actualizado el 1 febrero, 2025"},"absolute_dates_time":{"created":"Publicado el 8 enero, 2025 10:56 pm","modified":"Actualizado el 1 febrero, 2025 6:46 pm"},"featured_img_caption":"","featured_img":"https:\/\/pelosnails.com\/wp-content\/uploads\/2025\/01\/Ccomposicion1000CC.jpg","series_order":"","_links":{"self":[{"href":"https:\/\/pelosnails.com\/index.php\/wp-json\/wp\/v2\/pages\/993","targetHints":{"allow":["GET"]}}],"collection":[{"href":"https:\/\/pelosnails.com\/index.php\/wp-json\/wp\/v2\/pages"}],"about":[{"href":"https:\/\/pelosnails.com\/index.php\/wp-json\/wp\/v2\/types\/page"}],"author":[{"embeddable":true,"href":"https:\/\/pelosnails.com\/index.php\/wp-json\/wp\/v2\/users\/1"}],"replies":[{"embeddable":true,"href":"https:\/\/pelosnails.com\/index.php\/wp-json\/wp\/v2\/comments?post=993"}],"version-history":[{"count":83,"href":"https:\/\/pelosnails.com\/index.php\/wp-json\/wp\/v2\/pages\/993\/revisions"}],"predecessor-version":[{"id":2449,"href":"https:\/\/pelosnails.com\/index.php\/wp-json\/wp\/v2\/pages\/993\/revisions\/2449"}],"wp:featuredmedia":[{"embeddable":true,"href":"https:\/\/pelosnails.com\/index.php\/wp-json\/wp\/v2\/media\/1013"}],"wp:attachment":[{"href":"https:\/\/pelosnails.com\/index.php\/wp-json\/wp\/v2\/media?parent=993"}],"curies":[{"name":"wp","href":"https:\/\/api.w.org\/{rel}","templated":true}]}}